{"id":2203,"date":"2023-06-03T19:22:39","date_gmt":"2023-06-03T19:22:39","guid":{"rendered":"https:\/\/riad-leshirondelles.com\/room-suites\/mesange-suite\/"},"modified":"2024-04-14T11:09:15","modified_gmt":"2024-04-14T11:09:15","slug":"mesange-suite","status":"publish","type":"page","link":"https:\/\/riad-leshirondelles.com\/fr\/chambres\/mesange-suite\/","title":{"rendered":"Mesange Suite"},"content":{"rendered":"\t\t<div data-elementor-type=\"wp-page\" data-elementor-id=\"2203\" class=\"elementor elementor-2203 elementor-1830\">\n\t\t\t\t\t\t<div class=\"elementor-inner\">\n\t\t\t\t<div class=\"elementor-section-wrap\">\n\t\t\t\t\t\t\t\t\t<section class=\"elementor-section elementor-top-section elementor-element elementor-element-86a0003 elementor-section-full_width elementor-section-content-top elementor-section-height-min-height elementor-section-items-top elementor-section-height-default\" data-id=\"86a0003\" data-element_type=\"section\">\n\t\t\t\t\t\t<div class=\"elementor-container elementor-column-gap-default\">\n\t\t\t\t\t\t\t<div class=\"elementor-row\">\n\t\t\t\t\t<div class=\"elementor-column elementor-col-66 elementor-top-column elementor-element elementor-element-e4d32af\" data-id=\"e4d32af\" data-element_type=\"column\" data-settings=\"{&quot;background_background&quot;:&quot;slideshow&quot;,&quot;background_slideshow_gallery&quot;:[{&quot;id&quot;:1763,&quot;url&quot;:&quot;https:\\\/\\\/riad-leshirondelles.com\\\/wp-content\\\/uploads\\\/2023\\\/06\\\/SuiteMesange_01.webp&quot;},{&quot;id&quot;:1765,&quot;url&quot;:&quot;https:\\\/\\\/riad-leshirondelles.com\\\/wp-content\\\/uploads\\\/2023\\\/06\\\/SuiteMesange_02.webp&quot;},{&quot;id&quot;:1767,&quot;url&quot;:&quot;https:\\\/\\\/riad-leshirondelles.com\\\/wp-content\\\/uploads\\\/2023\\\/06\\\/SuiteMesange_03.webp&quot;},{&quot;id&quot;:1769,&quot;url&quot;:&quot;https:\\\/\\\/riad-leshirondelles.com\\\/wp-content\\\/uploads\\\/2023\\\/06\\\/SuiteMesange_04.webp&quot;},{&quot;id&quot;:1771,&quot;url&quot;:&quot;https:\\\/\\\/riad-leshirondelles.com\\\/wp-content\\\/uploads\\\/2023\\\/06\\\/SuiteMesange_05.webp&quot;}],&quot;background_slideshow_loop&quot;:&quot;yes&quot;,&quot;background_slideshow_slide_duration&quot;:5000,&quot;background_slideshow_slide_transition&quot;:&quot;fade&quot;,&quot;background_slideshow_transition_duration&quot;:500}\">\n\t\t\t<div class=\"elementor-column-wrap elementor-element-populated\">\n\t\t\t\t\t\t\t<div class=\"elementor-widget-wrap\">\n\t\t\t\t\t\t<div class=\"elementor-element elementor-element-ab236d9 elementor-widget elementor-widget-spacer\" data-id=\"ab236d9\" data-element_type=\"widget\" data-widget_type=\"spacer.default\">\n\t\t\t\t<div class=\"elementor-widget-container\">\n\t\t\t\t\t<div class=\"elementor-spacer\">\n\t\t\t<div class=\"elementor-spacer-inner\"><\/div>\n\t\t<\/div>\n\t\t\t\t<\/div>\n\t\t\t\t<\/div>\n\t\t\t\t\t\t<\/div>\n\t\t\t\t\t<\/div>\n\t\t<\/div>\n\t\t\t\t<div class=\"elementor-column elementor-col-33 elementor-top-column elementor-element elementor-element-63349a5\" data-id=\"63349a5\" data-element_type=\"column\">\n\t\t\t<div class=\"elementor-column-wrap elementor-element-populated\">\n\t\t\t\t\t\t\t<div class=\"elementor-widget-wrap\">\n\t\t\t\t\t\t<section class=\"elementor-section elementor-inner-section elementor-element elementor-element-dc54fa2 elementor-section-height-min-height elementor-hidden-mobile elementor-section-boxed elementor-section-height-default\" data-id=\"dc54fa2\" data-element_type=\"section\" data-settings=\"{&quot;background_background&quot;:&quot;classic&quot;}\">\n\t\t\t\t\t\t<div class=\"elementor-container elementor-column-gap-default\">\n\t\t\t\t\t\t\t<div class=\"elementor-row\">\n\t\t\t\t\t<div class=\"elementor-column elementor-col-100 elementor-inner-column elementor-element elementor-element-ac770e2\" data-id=\"ac770e2\" data-element_type=\"column\">\n\t\t\t<div class=\"elementor-column-wrap elementor-element-populated\">\n\t\t\t\t\t\t\t<div class=\"elementor-widget-wrap\">\n\t\t\t\t\t\t<div class=\"elementor-element elementor-element-1245f8c elementor-widget elementor-widget-heading\" data-id=\"1245f8c\" data-element_type=\"widget\" data-widget_type=\"heading.default\">\n\t\t\t\t<div class=\"elementor-widget-container\">\n\t\t\t<div class=\"elementor-heading-title elementor-size-default\">V\u00e9rifier les disponibilit\u00e9s<\/div>\t\t<\/div>\n\t\t\t\t<\/div>\n\t\t\t\t<div class=\"elementor-element elementor-element-b946ac0 elementor-widget elementor-widget-html\" data-id=\"b946ac0\" data-element_type=\"widget\" data-widget_type=\"html.default\">\n\t\t\t\t<div class=\"elementor-widget-container\">\n\t\t\t\n<style>.form-col:not(:first-child){\n width: 100%;\n margin-top: 7%;\n}\n\n.bookingForm input{\n    width: 100%;\n    height: 55px;\n    background: transparent;\n    border: 1px solid #8F8E8B;\n    border-radius: 0px;\n    color: #8F8E8B;\n    font-weight: 300;\n    padding: 0 5px;\n}\n\n#book-btn{\n    width: 100%;\n    height: 55px;\n    border: 1px solid #53626C;\n    background: transparent;\n    color: #53626C;\n    font-weight: 500;\n    text-transform: uppercase;\n    font-size: 12px;\n    letter-spacing: 1px;\n    border-radius: 0px;\n}\n\n#book-btn:hover{\n    background: #53626C;\n    border-color: #53626C;\n    color: #fff;\n}\n\n.bookingForm label{\n    font-size: 12px;\n    text-transform: uppercase;\n    letter-spacing: 2px;\n}\n\n\n<\/style><div class=\"bookingForm\"><div class=\"form-row\"><div class=\"form-col\"><label>DATE D'ARRIV\u00c9E<br><input type=\"date\" id=\"start-date\" name=\"start-date\"><\/label><\/div><div class=\"form-col\"><label>DATE DE D\u00c9PART<br><input type=\"date\" id=\"end-date\" name=\"end-date\"><\/label><\/div><div class=\"form-col\"><label>CODE PROMO<input type=\"text\" placeholder=\"Saisir votre code...\" id=\"promo-code\" name=\"promo-code\"><\/label><\/div><div class=\"form-col\"><button type=\"button\" id=\"book-btn\">R\u00e9server \u2192<\/button><\/div><\/div><\/div>\t\t<\/div>\n\t\t\t\t<\/div>\n\t\t\t\t\t\t<\/div>\n\t\t\t\t\t<\/div>\n\t\t<\/div>\n\t\t\t\t\t\t\t\t<\/div>\n\t\t\t\t\t<\/div>\n\t\t<\/section>\n\t\t\t\t<div class=\"elementor-element elementor-element-7bc4205 elementor-widget__width-auto open-searchbox-01 elementor-mobile-align-justify elementor-widget-mobile__width-inherit elementor-hidden-desktop elementor-hidden-tablet elementor-widget elementor-widget-button\" data-id=\"7bc4205\" data-element_type=\"widget\" data-widget_type=\"button.default\">\n\t\t\t\t<div class=\"elementor-widget-container\">\n\t\t\t\t\t<div class=\"elementor-button-wrapper\">\n\t\t\t<a href=\"#\" class=\"elementor-button-link elementor-button elementor-size-md\" role=\"button\">\n\t\t\t\t\t\t<span class=\"elementor-button-content-wrapper\">\n\t\t\t\t\t\t<span class=\"elementor-button-text\">R\u00e9server \u2192<\/span>\n\t\t<\/span>\n\t\t\t\t\t<\/a>\n\t\t<\/div>\n\t\t\t\t<\/div>\n\t\t\t\t<\/div>\n\t\t\t\t\t\t<\/div>\n\t\t\t\t\t<\/div>\n\t\t<\/div>\n\t\t\t\t\t\t\t\t<\/div>\n\t\t\t\t\t<\/div>\n\t\t<\/section>\n\t\t\t\t<section class=\"elementor-section elementor-top-section elementor-element elementor-element-a632bf3 elementor-section-full_width elementor-section-height-default elementor-section-height-default\" data-id=\"a632bf3\" data-element_type=\"section\">\n\t\t\t\t\t\t<div class=\"elementor-container elementor-column-gap-default\">\n\t\t\t\t\t\t\t<div class=\"elementor-row\">\n\t\t\t\t\t<div class=\"elementor-column elementor-col-100 elementor-top-column elementor-element elementor-element-7890fe0\" data-id=\"7890fe0\" data-element_type=\"column\">\n\t\t\t<div class=\"elementor-column-wrap elementor-element-populated\">\n\t\t\t\t\t\t\t<div class=\"elementor-widget-wrap\">\n\t\t\t\t\t\t<div class=\"elementor-element elementor-element-8904f1f elementor-widget elementor-widget-text-editor\" data-id=\"8904f1f\" data-element_type=\"widget\" data-widget_type=\"text-editor.default\">\n\t\t\t\t<div class=\"elementor-widget-container\">\n\t\t\t\t\t\t\t\t<div class=\"elementor-text-editor elementor-clearfix\">\n\t\t\t\t<p>Spacieuse, son entr\u00e9e et ses fen\u00eatres donnent sur le patio. Le plafond est original, d\u2019une hauteur de 5,10m. Vous trouverez \u00e9galement un petit coin salon.<br \/>Situ\u00e9e au rez-de-chauss\u00e9e, la salle de bain avec douche est en tadelakt noir. Elle est grande et ferm\u00e9e derri\u00e8re une porte en bois avec des placards de rangement.<\/p><p>\u00a0<\/p><p><strong>Type:<\/strong> Deluxe Suite (29m\u00b2)<br \/><b>Capacit\u00e9<\/b>: 2 personnes (1 grand lit)<\/p>\t\t\t\t\t<\/div>\n\t\t\t\t\t\t<\/div>\n\t\t\t\t<\/div>\n\t\t\t\t<div class=\"elementor-element elementor-element-6e138c8 elementor-widget-divider--view-line elementor-widget elementor-widget-divider\" data-id=\"6e138c8\" data-element_type=\"widget\" data-widget_type=\"divider.default\">\n\t\t\t\t<div class=\"elementor-widget-container\">\n\t\t\t\t\t<div class=\"elementor-divider\">\n\t\t\t<span class=\"elementor-divider-separator\">\n\t\t\t\t\t\t<\/span>\n\t\t<\/div>\n\t\t\t\t<\/div>\n\t\t\t\t<\/div>\n\t\t\t\t<section class=\"elementor-section elementor-inner-section elementor-element elementor-element-9f3a267 elementor-section-full_width elementor-section-height-default elementor-section-height-default\" data-id=\"9f3a267\" data-element_type=\"section\">\n\t\t\t\t\t\t<div class=\"elementor-container elementor-column-gap-default\">\n\t\t\t\t\t\t\t<div class=\"elementor-row\">\n\t\t\t\t\t<div class=\"elementor-column elementor-col-50 elementor-inner-column elementor-element elementor-element-27edffa\" data-id=\"27edffa\" data-element_type=\"column\">\n\t\t\t<div class=\"elementor-column-wrap elementor-element-populated\">\n\t\t\t\t\t\t\t<div class=\"elementor-widget-wrap\">\n\t\t\t\t\t\t<div class=\"elementor-element elementor-element-a598272 elementor-align-left elementor-icon-list--layout-traditional elementor-list-item-link-full_width elementor-widget elementor-widget-icon-list\" data-id=\"a598272\" data-element_type=\"widget\" data-widget_type=\"icon-list.default\">\n\t\t\t\t<div class=\"elementor-widget-container\">\n\t\t\t\t\t<ul class=\"elementor-icon-list-items\">\n\t\t\t\t\t\t\t<li class=\"elementor-icon-list-item\">\n\t\t\t\t\t\t\t\t\t\t\t<span class=\"elementor-icon-list-icon\">\n\t\t\t\t\t\t\t<i aria-hidden=\"true\" class=\"fas fa-wifi\"><\/i>\t\t\t\t\t\t<\/span>\n\t\t\t\t\t\t\t\t\t\t<span class=\"elementor-icon-list-text\">Acc\u00e8s internet Wifi<\/span>\n\t\t\t\t\t\t\t\t\t<\/li>\n\t\t\t\t\t\t\t\t<li class=\"elementor-icon-list-item\">\n\t\t\t\t\t\t\t\t\t\t\t<span class=\"elementor-icon-list-icon\">\n\t\t\t\t\t\t\t<i aria-hidden=\"true\" class=\"fas fa-wind\"><\/i>\t\t\t\t\t\t<\/span>\n\t\t\t\t\t\t\t\t\t\t<span class=\"elementor-icon-list-text\">Climatisation r\u00e9versible<\/span>\n\t\t\t\t\t\t\t\t\t<\/li>\n\t\t\t\t\t\t\t\t<li class=\"elementor-icon-list-item\">\n\t\t\t\t\t\t\t\t\t\t\t<span class=\"elementor-icon-list-icon\">\n\t\t\t\t\t\t\t<i aria-hidden=\"true\" class=\"fas fa-lock\"><\/i>\t\t\t\t\t\t<\/span>\n\t\t\t\t\t\t\t\t\t\t<span class=\"elementor-icon-list-text\">Coffre fort<\/span>\n\t\t\t\t\t\t\t\t\t<\/li>\n\t\t\t\t\t\t<\/ul>\n\t\t\t\t<\/div>\n\t\t\t\t<\/div>\n\t\t\t\t\t\t<\/div>\n\t\t\t\t\t<\/div>\n\t\t<\/div>\n\t\t\t\t<div class=\"elementor-column elementor-col-50 elementor-inner-column elementor-element elementor-element-07d63c3\" data-id=\"07d63c3\" data-element_type=\"column\">\n\t\t\t<div class=\"elementor-column-wrap elementor-element-populated\">\n\t\t\t\t\t\t\t<div class=\"elementor-widget-wrap\">\n\t\t\t\t\t\t<div class=\"elementor-element elementor-element-d10f38d elementor-align-left elementor-icon-list--layout-traditional elementor-list-item-link-full_width elementor-widget elementor-widget-icon-list\" data-id=\"d10f38d\" data-element_type=\"widget\" data-widget_type=\"icon-list.default\">\n\t\t\t\t<div class=\"elementor-widget-container\">\n\t\t\t\t\t<ul class=\"elementor-icon-list-items\">\n\t\t\t\t\t\t\t<li class=\"elementor-icon-list-item\">\n\t\t\t\t\t\t\t\t\t\t\t<span class=\"elementor-icon-list-icon\">\n\t\t\t\t\t\t\t<i aria-hidden=\"true\" class=\"fas fa-shower\"><\/i>\t\t\t\t\t\t<\/span>\n\t\t\t\t\t\t\t\t\t\t<span class=\"elementor-icon-list-text\">Douche<\/span>\n\t\t\t\t\t\t\t\t\t<\/li>\n\t\t\t\t\t\t\t\t<li class=\"elementor-icon-list-item\">\n\t\t\t\t\t\t\t\t\t\t\t<span class=\"elementor-icon-list-icon\">\n\t\t\t\t\t\t\t<i aria-hidden=\"true\" class=\"fas fa-bath\"><\/i>\t\t\t\t\t\t<\/span>\n\t\t\t\t\t\t\t\t\t\t<span class=\"elementor-icon-list-text\">Salle de bain priv\u00e9e<\/span>\n\t\t\t\t\t\t\t\t\t<\/li>\n\t\t\t\t\t\t\t\t<li class=\"elementor-icon-list-item\">\n\t\t\t\t\t\t\t\t\t\t\t<span class=\"elementor-icon-list-icon\">\n\t\t\t\t\t\t\t<i aria-hidden=\"true\" class=\"fas fa-female\"><\/i>\t\t\t\t\t\t<\/span>\n\t\t\t\t\t\t\t\t\t\t<span class=\"elementor-icon-list-text\">S\u00e8che cheveux<\/span>\n\t\t\t\t\t\t\t\t\t<\/li>\n\t\t\t\t\t\t<\/ul>\n\t\t\t\t<\/div>\n\t\t\t\t<\/div>\n\t\t\t\t\t\t<\/div>\n\t\t\t\t\t<\/div>\n\t\t<\/div>\n\t\t\t\t\t\t\t\t<\/div>\n\t\t\t\t\t<\/div>\n\t\t<\/section>\n\t\t\t\t<div class=\"elementor-element elementor-element-ab73d08 elementor-widget-divider--view-line elementor-widget elementor-widget-divider\" data-id=\"ab73d08\" data-element_type=\"widget\" data-widget_type=\"divider.default\">\n\t\t\t\t<div class=\"elementor-widget-container\">\n\t\t\t\t\t<div class=\"elementor-divider\">\n\t\t\t<span class=\"elementor-divider-separator\">\n\t\t\t\t\t\t<\/span>\n\t\t<\/div>\n\t\t\t\t<\/div>\n\t\t\t\t<\/div>\n\t\t\t\t\t\t<\/div>\n\t\t\t\t\t<\/div>\n\t\t<\/div>\n\t\t\t\t\t\t\t\t<\/div>\n\t\t\t\t\t<\/div>\n\t\t<\/section>\n\t\t\t\t<section class=\"elementor-section elementor-top-section elementor-element elementor-element-2c06396 elementor-section-full_width elementor-section-height-default elementor-section-height-default\" data-id=\"2c06396\" data-element_type=\"section\">\n\t\t\t\t\t\t<div class=\"elementor-container elementor-column-gap-default\">\n\t\t\t\t\t\t\t<div class=\"elementor-row\">\n\t\t\t\t\t<div class=\"elementor-column elementor-col-100 elementor-top-column elementor-element elementor-element-9fdba48\" data-id=\"9fdba48\" data-element_type=\"column\">\n\t\t\t<div class=\"elementor-column-wrap elementor-element-populated\">\n\t\t\t\t\t\t\t<div class=\"elementor-widget-wrap\">\n\t\t\t\t\t\t<div class=\"elementor-element elementor-element-a4f8d62 elementor-widget elementor-widget-heading\" data-id=\"a4f8d62\" data-element_type=\"widget\" data-widget_type=\"heading.default\">\n\t\t\t\t<div class=\"elementor-widget-container\">\n\t\t\t<div class=\"elementor-heading-title elementor-size-default\">Pour une bonne nuit de sommeil\n<\/div>\t\t<\/div>\n\t\t\t\t<\/div>\n\t\t\t\t<div class=\"elementor-element elementor-element-c7d533f elementor-widget elementor-widget-heading\" data-id=\"c7d533f\" data-element_type=\"widget\" data-widget_type=\"heading.default\">\n\t\t\t\t<div class=\"elementor-widget-container\">\n\t\t\t<h2 class=\"elementor-heading-title elementor-size-default\">NOS AUTRES<br>\nCHAMBRES & SUITES<\/h2>\t\t<\/div>\n\t\t\t\t<\/div>\n\t\t\t\t\t\t<\/div>\n\t\t\t\t\t<\/div>\n\t\t<\/div>\n\t\t\t\t\t\t\t\t<\/div>\n\t\t\t\t\t<\/div>\n\t\t<\/section>\n\t\t\t\t<section class=\"elementor-section elementor-top-section elementor-element elementor-element-6725d0b elementor-section-full_width elementor-section-height-default elementor-section-height-default\" data-id=\"6725d0b\" data-element_type=\"section\">\n\t\t\t\t\t\t<div class=\"elementor-container elementor-column-gap-default\">\n\t\t\t\t\t\t\t<div class=\"elementor-row\">\n\t\t\t\t\t<div class=\"elementor-column elementor-col-100 elementor-top-column elementor-element elementor-element-9758dfe\" data-id=\"9758dfe\" data-element_type=\"column\">\n\t\t\t<div class=\"elementor-column-wrap elementor-element-populated\">\n\t\t\t\t\t\t\t<div class=\"elementor-widget-wrap\">\n\t\t\t\t\t\t<div class=\"elementor-element elementor-element-2ca9751 elementor-skin-carousel elementor-arrows-yes elementor-widget elementor-widget-media-carousel\" data-id=\"2ca9751\" data-element_type=\"widget\" data-settings=\"{&quot;slides_per_view&quot;:&quot;4&quot;,&quot;slides_to_scroll&quot;:&quot;1&quot;,&quot;skin&quot;:&quot;carousel&quot;,&quot;effect&quot;:&quot;slide&quot;,&quot;show_arrows&quot;:&quot;yes&quot;,&quot;speed&quot;:500,&quot;autoplay&quot;:&quot;yes&quot;,&quot;autoplay_speed&quot;:5000,&quot;loop&quot;:&quot;yes&quot;,&quot;pause_on_hover&quot;:&quot;yes&quot;,&quot;pause_on_interaction&quot;:&quot;yes&quot;,&quot;space_between&quot;:{&quot;unit&quot;:&quot;px&quot;,&quot;size&quot;:10,&quot;sizes&quot;:[]},&quot;space_between_tablet&quot;:{&quot;unit&quot;:&quot;px&quot;,&quot;size&quot;:10,&quot;sizes&quot;:[]},&quot;space_between_mobile&quot;:{&quot;unit&quot;:&quot;px&quot;,&quot;size&quot;:10,&quot;sizes&quot;:[]}}\" data-widget_type=\"media-carousel.default\">\n\t\t\t\t<div class=\"elementor-widget-container\">\n\t\t\t\t\t<div class=\"elementor-swiper\">\n\t\t\t<div class=\"elementor-main-swiper swiper-container\">\n\t\t\t\t<div class=\"swiper-wrapper\">\n\t\t\t\t\t\t\t\t\t\t\t<div class=\"swiper-slide\">\n\t\t\t\t\t\t\t<a href=\"https:\/\/riad-leshirondelles.com\/fr\/chambres\/hirondelles-suite\/\">\t\t<div class=\"elementor-carousel-image\" role=\"img\" aria-label=\"Suite Hirondelle\" style=\"background-image: url(&#039;https:\/\/riad-leshirondelles.com\/wp-content\/uploads\/2023\/06\/SuiteHirondelle_01.webp&#039;)\">\n\n\t\t\t\n\t\t\t\t\t<\/div>\n\t\t\t\t\t<div class=\"elementor-carousel-image-overlay e-overlay-animation-slide-up\">\n\t\t\t\tSuite Hirondelle\t\t\t<\/div>\n\t\t\t<\/a>\t\t\t\t\t\t<\/div>\n\t\t\t\t\t\t\t\t\t\t\t<div class=\"swiper-slide\">\n\t\t\t\t\t\t\t<a href=\"https:\/\/riad-leshirondelles.com\/fr\/chambres\/mesange-suite\/\">\t\t<div class=\"elementor-carousel-image\" role=\"img\" aria-label=\"Suite Mesange\" style=\"background-image: url(&#039;https:\/\/riad-leshirondelles.com\/wp-content\/uploads\/2023\/06\/SuiteMesange_01.webp&#039;)\">\n\n\t\t\t\n\t\t\t\t\t<\/div>\n\t\t\t\t\t<div class=\"elementor-carousel-image-overlay e-overlay-animation-slide-up\">\n\t\t\t\tSuite Mesange\t\t\t<\/div>\n\t\t\t<\/a>\t\t\t\t\t\t<\/div>\n\t\t\t\t\t\t\t\t\t\t\t<div class=\"swiper-slide\">\n\t\t\t\t\t\t\t<a href=\"https:\/\/riad-leshirondelles.com\/fr\/chambres\/rossignol-suite\/\">\t\t<div class=\"elementor-carousel-image\" role=\"img\" aria-label=\"Suite Rossignol\" style=\"background-image: url(&#039;https:\/\/riad-leshirondelles.com\/wp-content\/uploads\/2023\/06\/SuiteRossignol_01.webp&#039;)\">\n\n\t\t\t\n\t\t\t\t\t<\/div>\n\t\t\t\t\t<div class=\"elementor-carousel-image-overlay e-overlay-animation-slide-up\">\n\t\t\t\tSuite Rossignol\t\t\t<\/div>\n\t\t\t<\/a>\t\t\t\t\t\t<\/div>\n\t\t\t\t\t\t\t\t\t\t\t<div class=\"swiper-slide\">\n\t\t\t\t\t\t\t<a href=\"https:\/\/riad-leshirondelles.com\/fr\/chambres\/bulbul-suite\/\">\t\t<div class=\"elementor-carousel-image\" role=\"img\" aria-label=\"Suite Bulbul\" style=\"background-image: url(&#039;https:\/\/riad-leshirondelles.com\/wp-content\/uploads\/2023\/06\/SuiteBulbul_01.webp&#039;)\">\n\n\t\t\t\n\t\t\t\t\t<\/div>\n\t\t\t\t\t<div class=\"elementor-carousel-image-overlay e-overlay-animation-slide-up\">\n\t\t\t\tSuite Bulbul\t\t\t<\/div>\n\t\t\t<\/a>\t\t\t\t\t\t<\/div>\n\t\t\t\t\t\t\t\t\t\t\t<div class=\"swiper-slide\">\n\t\t\t\t\t\t\t<a href=\"https:\/\/riad-leshirondelles.com\/fr\/chambres\/tourterelles-suite\/\">\t\t<div class=\"elementor-carousel-image\" role=\"img\" aria-label=\"Suite Tourterelles\" style=\"background-image: url(&#039;https:\/\/riad-leshirondelles.com\/wp-content\/uploads\/2023\/06\/SuiteTourterelles01.webp&#039;)\">\n\n\t\t\t\n\t\t\t\t\t<\/div>\n\t\t\t\t\t<div class=\"elementor-carousel-image-overlay e-overlay-animation-slide-up\">\n\t\t\t\tSuite Tourterelles\t\t\t<\/div>\n\t\t\t<\/a>\t\t\t\t\t\t<\/div>\n\t\t\t\t\t\t\t\t\t\t\t<div class=\"swiper-slide\">\n\t\t\t\t\t\t\t<a href=\"https:\/\/riad-leshirondelles.com\/fr\/chambres\/cigogne-suite\/\">\t\t<div class=\"elementor-carousel-image\" role=\"img\" aria-label=\"Suite Cigogne\" style=\"background-image: url(&#039;https:\/\/riad-leshirondelles.com\/wp-content\/uploads\/2023\/06\/SuiteCigogne_01.webp&#039;)\">\n\n\t\t\t\n\t\t\t\t\t<\/div>\n\t\t\t\t\t<div class=\"elementor-carousel-image-overlay e-overlay-animation-slide-up\">\n\t\t\t\tSuite Cigogne\t\t\t<\/div>\n\t\t\t<\/a>\t\t\t\t\t\t<\/div>\n\t\t\t\t\t\t\t\t\t\t\t<div class=\"swiper-slide\">\n\t\t\t\t\t\t\t<a href=\"https:\/\/riad-leshirondelles.com\/fr\/chambres\/choucas-suite\/\">\t\t<div class=\"elementor-carousel-image\" role=\"img\" aria-label=\"Suite Choucas\" style=\"background-image: url(&#039;https:\/\/riad-leshirondelles.com\/wp-content\/uploads\/2023\/06\/SuiteChoucas_01.webp&#039;)\">\n\n\t\t\t\n\t\t\t\t\t<\/div>\n\t\t\t\t\t<div class=\"elementor-carousel-image-overlay e-overlay-animation-slide-up\">\n\t\t\t\tSuite Choucas\t\t\t<\/div>\n\t\t\t<\/a>\t\t\t\t\t\t<\/div>\n\t\t\t\t\t\t\t\t\t<\/div>\n\t\t\t\t\t\t\t\t\t\t\t\t\t\t\t\t\t\t\t\t<div class=\"elementor-swiper-button elementor-swiper-button-prev\" role=\"button\" tabindex=\"0\">\n\t\t\t\t\t\t\t<i aria-hidden=\"true\" class=\"eicon-chevron-left\"><\/i>\t\t\t\t\t\t\t<span class=\"elementor-screen-only\">Pr\u00e9c\u00e9dent<\/span>\n\t\t\t\t\t\t<\/div>\n\t\t\t\t\t\t<div class=\"elementor-swiper-button elementor-swiper-button-next\" role=\"button\" tabindex=\"0\">\n\t\t\t\t\t\t\t<i aria-hidden=\"true\" class=\"eicon-chevron-right\"><\/i>\t\t\t\t\t\t\t<span class=\"elementor-screen-only\">Suivant<\/span>\n\t\t\t\t\t\t<\/div>\n\t\t\t\t\t\t\t\t\t\t\t\t<\/div>\n\t\t<\/div>\n\t\t\t\t<\/div>\n\t\t\t\t<\/div>\n\t\t\t\t\t\t<\/div>\n\t\t\t\t\t<\/div>\n\t\t<\/div>\n\t\t\t\t\t\t\t\t<\/div>\n\t\t\t\t\t<\/div>\n\t\t<\/section>\n\t\t\t\t<section class=\"elementor-section elementor-top-section elementor-element elementor-element-8902298 elementor-section-full_width elementor-section-height-min-height elementor-section-height-default elementor-section-items-middle\" data-id=\"8902298\" data-element_type=\"section\" data-settings=\"{&quot;background_background&quot;:&quot;classic&quot;}\">\n\t\t\t\t\t\t\t<div class=\"elementor-background-overlay\"><\/div>\n\t\t\t\t\t\t\t<div class=\"elementor-container elementor-column-gap-default\">\n\t\t\t\t\t\t\t<div class=\"elementor-row\">\n\t\t\t\t\t<div class=\"elementor-column elementor-col-100 elementor-top-column elementor-element elementor-element-10ef47f\" data-id=\"10ef47f\" data-element_type=\"column\">\n\t\t\t<div class=\"elementor-column-wrap elementor-element-populated\">\n\t\t\t\t\t\t\t<div class=\"elementor-widget-wrap\">\n\t\t\t\t\t\t<div class=\"elementor-element elementor-element-e1d048f elementor-widget elementor-widget-heading\" data-id=\"e1d048f\" data-element_type=\"widget\" data-widget_type=\"heading.default\">\n\t\t\t\t<div class=\"elementor-widget-container\">\n\t\t\t<div class=\"elementor-heading-title elementor-size-default\">Commencez votre voyage\n<\/div>\t\t<\/div>\n\t\t\t\t<\/div>\n\t\t\t\t<div class=\"elementor-element elementor-element-1cff05d elementor-widget elementor-widget-heading\" data-id=\"1cff05d\" data-element_type=\"widget\" data-widget_type=\"heading.default\">\n\t\t\t\t<div class=\"elementor-widget-container\">\n\t\t\t<h2 class=\"elementor-heading-title elementor-size-default\">R\u00e9servez votre s\u00e9jour directement avec les meilleurs tarifs disponibles<\/h2>\t\t<\/div>\n\t\t\t\t<\/div>\n\t\t\t\t<div class=\"elementor-element elementor-element-1481a5d elementor-align-center open-searchbox-01 elementor-widget elementor-widget-button\" data-id=\"1481a5d\" data-element_type=\"widget\" data-widget_type=\"button.default\">\n\t\t\t\t<div class=\"elementor-widget-container\">\n\t\t\t\t\t<div class=\"elementor-button-wrapper\">\n\t\t\t<a href=\"#\" class=\"elementor-button-link elementor-button elementor-size-md\" role=\"button\">\n\t\t\t\t\t\t<span class=\"elementor-button-content-wrapper\">\n\t\t\t\t\t\t<span class=\"elementor-button-text\">RESERVER EN LIGNE<\/span>\n\t\t<\/span>\n\t\t\t\t\t<\/a>\n\t\t<\/div>\n\t\t\t\t<\/div>\n\t\t\t\t<\/div>\n\t\t\t\t\t\t<\/div>\n\t\t\t\t\t<\/div>\n\t\t<\/div>\n\t\t\t\t\t\t\t\t<\/div>\n\t\t\t\t\t<\/div>\n\t\t<\/section>\n\t\t\t\t\t\t\t\t\t<\/div>\n\t\t\t<\/div>\n\t\t\t\t\t<\/div>\n\t\t","protected":false},"excerpt":{"rendered":"<p>V\u00e9rifier les disponibilit\u00e9s DATE D&rsquo;ARRIV\u00c9EDATE DE D\u00c9PARTCODE PROMOR\u00e9server \u2192 R\u00e9server \u2192 Spacieuse, son entr\u00e9e et ses fen\u00eatres donnent sur le patio. Le plafond est original, d\u2019une hauteur de 5,10m. Vous trouverez \u00e9galement un petit coin salon.Situ\u00e9e au rez-de-chauss\u00e9e, la salle de bain avec douche est en tadelakt noir. Elle est grande et ferm\u00e9e derri\u00e8re une &#8230; <a title=\"Mesange Suite\" class=\"read-more\" href=\"https:\/\/riad-leshirondelles.com\/fr\/chambres\/mesange-suite\/\" aria-label=\"En savoir plus sur Mesange Suite\">Lire la suite<\/a><\/p>\n","protected":false},"author":2,"featured_media":0,"parent":2191,"menu_order":0,"comment_status":"closed","ping_status":"closed","template":"","meta":{"om_disable_all_campaigns":false,"_monsterinsights_skip_tracking":false,"_monsterinsights_sitenote_active":false,"_monsterinsights_sitenote_note":"","_monsterinsights_sitenote_category":0,"footnotes":""},"_links":{"self":[{"href":"https:\/\/riad-leshirondelles.com\/fr\/wp-json\/wp\/v2\/pages\/2203"}],"collection":[{"href":"https:\/\/riad-leshirondelles.com\/fr\/wp-json\/wp\/v2\/pages"}],"about":[{"href":"https:\/\/riad-leshirondelles.com\/fr\/wp-json\/wp\/v2\/types\/page"}],"author":[{"embeddable":true,"href":"https:\/\/riad-leshirondelles.com\/fr\/wp-json\/wp\/v2\/users\/2"}],"replies":[{"embeddable":true,"href":"https:\/\/riad-leshirondelles.com\/fr\/wp-json\/wp\/v2\/comments?post=2203"}],"version-history":[{"count":7,"href":"https:\/\/riad-leshirondelles.com\/fr\/wp-json\/wp\/v2\/pages\/2203\/revisions"}],"predecessor-version":[{"id":3343,"href":"https:\/\/riad-leshirondelles.com\/fr\/wp-json\/wp\/v2\/pages\/2203\/revisions\/3343"}],"up":[{"embeddable":true,"href":"https:\/\/riad-leshirondelles.com\/fr\/wp-json\/wp\/v2\/pages\/2191"}],"wp:attachment":[{"href":"https:\/\/riad-leshirondelles.com\/fr\/wp-json\/wp\/v2\/media?parent=2203"}],"curies":[{"name":"wp","href":"https:\/\/api.w.org\/{rel}","templated":true}]}}