{"id":3377,"date":"2024-04-28T17:39:25","date_gmt":"2024-04-28T17:39:25","guid":{"rendered":"https:\/\/riad-leshirondelles.com\/conditions-generales-de-vente\/"},"modified":"2024-04-28T17:42:48","modified_gmt":"2024-04-28T17:42:48","slug":"conditions","status":"publish","type":"page","link":"https:\/\/riad-leshirondelles.com\/fr\/conditions\/","title":{"rendered":"Conditions g\u00e9n\u00e9rales de vente"},"content":{"rendered":"\t\t<div data-elementor-type=\"wp-page\" data-elementor-id=\"3377\" class=\"elementor elementor-3377 elementor-3368\">\n\t\t\t\t\t\t<div class=\"elementor-inner\">\n\t\t\t\t<div class=\"elementor-section-wrap\">\n\t\t\t\t\t\t\t\t\t<section class=\"elementor-section elementor-top-section elementor-element elementor-element-04d7154 elementor-section-boxed elementor-section-height-default elementor-section-height-default\" data-id=\"04d7154\" data-element_type=\"section\">\n\t\t\t\t\t\t<div class=\"elementor-container elementor-column-gap-default\">\n\t\t\t\t\t\t\t<div class=\"elementor-row\">\n\t\t\t\t\t<div class=\"elementor-column elementor-col-100 elementor-top-column elementor-element elementor-element-66843be\" data-id=\"66843be\" data-element_type=\"column\">\n\t\t\t<div class=\"elementor-column-wrap elementor-element-populated\">\n\t\t\t\t\t\t\t<div class=\"elementor-widget-wrap\">\n\t\t\t\t\t\t<div class=\"elementor-element elementor-element-6394a8a elementor-widget elementor-widget-heading\" data-id=\"6394a8a\" data-element_type=\"widget\" data-widget_type=\"heading.default\">\n\t\t\t\t<div class=\"elementor-widget-container\">\n\t\t\t<h1 class=\"elementor-heading-title elementor-size-xxl\">Conditions g\u00e9n\u00e9rales de vente<\/h1>\t\t<\/div>\n\t\t\t\t<\/div>\n\t\t\t\t\t\t<\/div>\n\t\t\t\t\t<\/div>\n\t\t<\/div>\n\t\t\t\t\t\t\t\t<\/div>\n\t\t\t\t\t<\/div>\n\t\t<\/section>\n\t\t\t\t<section class=\"elementor-section elementor-top-section elementor-element elementor-element-b866d5f elementor-section-boxed elementor-section-height-default elementor-section-height-default\" data-id=\"b866d5f\" data-element_type=\"section\">\n\t\t\t\t\t\t<div class=\"elementor-container elementor-column-gap-default\">\n\t\t\t\t\t\t\t<div class=\"elementor-row\">\n\t\t\t\t\t<div class=\"elementor-column elementor-col-100 elementor-top-column elementor-element elementor-element-9a8b653\" data-id=\"9a8b653\" data-element_type=\"column\">\n\t\t\t<div class=\"elementor-column-wrap elementor-element-populated\">\n\t\t\t\t\t\t\t<div class=\"elementor-widget-wrap\">\n\t\t\t\t\t\t<div class=\"elementor-element elementor-element-b8b5b61 elementor-widget elementor-widget-text-editor\" data-id=\"b8b5b61\" data-element_type=\"widget\" data-widget_type=\"text-editor.default\">\n\t\t\t\t<div class=\"elementor-widget-container\">\n\t\t\t\t\t\t\t\t<div class=\"elementor-text-editor elementor-clearfix\">\n\t\t\t\t<h2>1. Objectif<\/h2>\n<p>Les pr\u00e9sentes conditions g\u00e9n\u00e9rales de vente visent \u00e0 d\u00e9finir les relations contractuelles entre le Riad Les Hirondelles et le client, ainsi que les conditions applicables \u00e0 toute r\u00e9servation effectu\u00e9e par le biais du site Internet riad-leshirondelles.com, que la r\u00e9servation soit effectu\u00e9e directement par le client ou par l&rsquo;interm\u00e9diaire d&rsquo;un distributeur partenaire.<\/p>\n<\/p>\n<h2>2. Capacit\u00e9 juridique<\/h2>\n<p>La r\u00e9servation des services propos\u00e9s sur riad-leshirondelles.com est r\u00e9serv\u00e9e aux personnes juridiquement capables de contracter en vertu du droit marocain.<\/p>\n<\/p>\n<h2>3. Acceptation des conditions<\/h2>\n<p>Le client reconna\u00eet avoir pris connaissance des conditions g\u00e9n\u00e9rales de vente pr\u00e9sent\u00e9es sur riad-leshirondelles.com et d\u00e9clare les accepter sans r\u00e9serve.<\/p>\n<\/p>\n<h2>4. R\u00e9servation<\/h2>\n<p>Le client peut effectuer sa r\u00e9servation en ligne via le formulaire d\u00e9di\u00e9 disponible sur le site. La r\u00e9servation est consid\u00e9r\u00e9e comme termin\u00e9e \u00e0 la r\u00e9ception de l&rsquo;e-mail de confirmation de la r\u00e9servation envoy\u00e9 par le riad.<\/p>\n<\/p>\n<h2>5. Tarifs<\/h2>\n<p>Les tarifs li\u00e9s \u00e0 la r\u00e9servation de services sont indiqu\u00e9s avant et au moment de la r\u00e9servation. Les tarifs sont confirm\u00e9s au client toutes taxes comprises, en monnaie europ\u00e9enne (EUR), et ne sont valables que pour la p\u00e9riode indiqu\u00e9e sur le site.<\/p>\n<\/p>\n<h2>6. Paiement<\/h2>\n<p>Le paiement int\u00e9gral est exig\u00e9 au moment de la r\u00e9servation. Les paiements peuvent \u00eatre effectu\u00e9s par carte de cr\u00e9dit, ou par tout autre moyen propos\u00e9 sur le site.<\/p>\n<\/p>\n<h2>7. Annulation et modification<\/h2>\n<p>Nous proposons deux politiques d&rsquo;annulation en fonction du plan tarifaire choisi.<\/p>\n<p>Pour tous les plans de tarification flexible, la politique est d\u00e9finie comme suit :<\/p>\n<ul>\n<li>En cas d&rsquo;annulation jusqu&rsquo;\u00e0 1 jour avant la date d&rsquo;arriv\u00e9e, aucun frais ne sera factur\u00e9.<\/li>\n<li>En cas d&rsquo;annulation tardive ou de non-pr\u00e9sentation, l&rsquo;h\u00f4tel pr\u00e9l\u00e8ve, sur la carte de cr\u00e9dit fournie, le montant total de la r\u00e9servation.<\/li>\n<\/ul>\n<p>Pour tous les plans tarifaires comportant des conditions de pr\u00e9paiement, la politique est d\u00e9finie comme suit :<\/p>\n<ul>\n<li>Le client doit effectuer un pr\u00e9paiement du montant total de la r\u00e9servation.<\/li>\n<\/ul>\n<h2>8. Obligations du Riad<\/h2>\n<p>Le Riad Les Hirondelles s&rsquo;engage \u00e0 fournir l&rsquo;h\u00e9bergement et les services r\u00e9serv\u00e9s par le client et \u00e0 respecter les normes de qualit\u00e9 annonc\u00e9es sur son site Internet.<\/p>\n<\/p>\n<h2>9. Droit applicable et juridiction<\/h2>\n<p>Ces conditions sont r\u00e9gies par la loi marocaine. Tout litige qui ne peut \u00eatre r\u00e9solu \u00e0 l&rsquo;amiable sera port\u00e9 devant les tribunaux comp\u00e9tents de Marrakech.<\/p>\n\t\t\t\t\t<\/div>\n\t\t\t\t\t\t<\/div>\n\t\t\t\t<\/div>\n\t\t\t\t\t\t<\/div>\n\t\t\t\t\t<\/div>\n\t\t<\/div>\n\t\t\t\t\t\t\t\t<\/div>\n\t\t\t\t\t<\/div>\n\t\t<\/section>\n\t\t\t\t\t\t\t\t\t<\/div>\n\t\t\t<\/div>\n\t\t\t\t\t<\/div>\n\t\t","protected":false},"excerpt":{"rendered":"<p>Conditions g\u00e9n\u00e9rales de vente 1. Objectif Les pr\u00e9sentes conditions g\u00e9n\u00e9rales de vente visent \u00e0 d\u00e9finir les relations contractuelles entre le Riad Les Hirondelles et le client, ainsi que les conditions applicables \u00e0 toute r\u00e9servation effectu\u00e9e par le biais du site Internet riad-leshirondelles.com, que la r\u00e9servation soit effectu\u00e9e directement par le client ou par l&rsquo;interm\u00e9diaire d&rsquo;un &#8230; <a title=\"Conditions g\u00e9n\u00e9rales de vente\" class=\"read-more\" href=\"https:\/\/riad-leshirondelles.com\/fr\/conditions\/\" aria-label=\"En savoir plus sur Conditions g\u00e9n\u00e9rales de vente\">Lire la suite<\/a><\/p>\n","protected":false},"author":8,"featured_media":3174,"parent":0,"menu_order":0,"comment_status":"closed","ping_status":"closed","template":"","meta":{"om_disable_all_campaigns":false,"_monsterinsights_skip_tracking":false,"_monsterinsights_sitenote_active":false,"_monsterinsights_sitenote_note":"","_monsterinsights_sitenote_category":0,"footnotes":""},"_links":{"self":[{"href":"https:\/\/riad-leshirondelles.com\/fr\/wp-json\/wp\/v2\/pages\/3377"}],"collection":[{"href":"https:\/\/riad-leshirondelles.com\/fr\/wp-json\/wp\/v2\/pages"}],"about":[{"href":"https:\/\/riad-leshirondelles.com\/fr\/wp-json\/wp\/v2\/types\/page"}],"author":[{"embeddable":true,"href":"https:\/\/riad-leshirondelles.com\/fr\/wp-json\/wp\/v2\/users\/8"}],"replies":[{"embeddable":true,"href":"https:\/\/riad-leshirondelles.com\/fr\/wp-json\/wp\/v2\/comments?post=3377"}],"version-history":[{"count":3,"href":"https:\/\/riad-leshirondelles.com\/fr\/wp-json\/wp\/v2\/pages\/3377\/revisions"}],"predecessor-version":[{"id":3380,"href":"https:\/\/riad-leshirondelles.com\/fr\/wp-json\/wp\/v2\/pages\/3377\/revisions\/3380"}],"wp:featuredmedia":[{"embeddable":true,"href":"https:\/\/riad-leshirondelles.com\/fr\/wp-json\/wp\/v2\/media\/3174"}],"wp:attachment":[{"href":"https:\/\/riad-leshirondelles.com\/fr\/wp-json\/wp\/v2\/media?parent=3377"}],"curies":[{"name":"wp","href":"https:\/\/api.w.org\/{rel}","templated":true}]}}